{"id":914,"date":"2025-09-23T14:05:26","date_gmt":"2025-09-23T12:05:26","guid":{"rendered":"https:\/\/beta.kanaltechnik-schuster.de\/?page_id=914"},"modified":"2025-10-13T14:24:43","modified_gmt":"2025-10-13T12:24:43","slug":"service","status":"publish","type":"page","link":"https:\/\/kanaltechnik-schuster.de\/en\/service\/","title":{"rendered":"Service"},"content":{"rendered":"<h1>Praxisnahe Schulung, zuverl\u00e4ssige Baustellenbetreuung und Fachwissen aus erster Hand.<\/h1>\n<div>Wir unterst\u00fctzen Sie rund um das HUTMAX-System \u2013 kompetent, praxisnah und zuverl\u00e4ssig. Unsere Techniker bringen umfassende Kenntnis und langj\u00e4hrige Erfahrung in die Planung, Umsetzung und Optimierung von Stutzenanbindung und Stutzenreparatur im begehbaren Kanal ein.<\/div>\n<h3>Unsere Systeme:<\/h3>\n<ul>\n<li>\n<div>HUTMAX-System<\/div>\n<\/li>\n<li>\n<div>HUTMAXinject-System<\/div>\n<\/li>\n<li>\n<div>HUTMAXinject Harz-System<\/div>\n<\/li>\n<\/ul>\n<h3>Was wir bieten:<\/h3>\n<ul>\n<li>\n<div><strong>Theorie-inhouse Schulungen:<\/strong> Fundierte Wissensvermittlung zu Materialien, Anwendungen und Best Practices direkt in Ihrem Haus. Ideal zur Vorbereitung Ihres Teams auf reale Bauprozesse.<\/div>\n<\/li>\n<li>\n<div><strong>Baustellenbetreuung:<\/strong> Vor-Ort-Unterst\u00fctzung durch erfahrene Techniker, einschlie\u00dflich Beratung, Qualit\u00e4tskontrollen, Troubleshooting und Sicherheitstools \u2013 damit Abl\u00e4ufe reibungslos funktionieren.<\/div>\n<\/li>\n<li>\n<div><strong>Praxisschulungen:<\/strong> Praxisorientierte \u00dcbungen auf der Baustelle oder in Schulungsr\u00e4umen, um Fertigkeiten im Umgang mit HUTMAX-Systemen sicher zu verankern.<\/div>\n<\/li>\n<li>\n<div><strong>Techniker mit Expertenwissen:<\/strong> Unsere Fachleute arbeiten mit aktuellen Kenntnissen zu Stutzenanbindungen, Reparaturen und Instandhaltung \u2013 immer angepasst an Ihre spezifische Anforderung.<\/div>\n<\/li>\n<\/ul>\n<h3>Warum Sie uns w\u00e4hlen sollten:<\/h3>\n<ul>\n<li>\n<div>L\u00f6sungsorientierte Beratung direkt vom Fachmann<\/div>\n<\/li>\n<li>\n<div>Ma\u00dfgeschneiderte Schulungs- und Betreuungsmodelle<\/div>\n<\/li>\n<li>\n<div>Fokus auf Qualit\u00e4t, Effizienz und Sicherheit im begehbaren Kanal<\/div>\n<\/li>\n<\/ul>\n<div>Kontaktieren Sie uns f\u00fcr ein unverbindliches Beratungsgespr\u00e4ch oder ein individuelles Angebot. Wir freuen uns darauf, Ihr Projekt gemeinsam zum Erfolg zu f\u00fchren.<\/div>\n<p><p>\n        <a href=\"\/kontakt\/\">Kontakt zu uns<\/a>\n    <\/p>\n<\/p>\n<p><!--more--><br \/>\n<!-- {\"type\":\"layout\",\"children\":[{\"type\":\"section\",\"props\":{\"image_position\":\"center-center\",\"style\":\"default\",\"title_breakpoint\":\"xl\",\"title_position\":\"top-left\",\"title_rotation\":\"left\",\"vertical_align\":\"middle\",\"width\":\"default\"},\"children\":[{\"type\":\"row\",\"children\":[{\"type\":\"column\",\"props\":{\"image_position\":\"center-center\",\"position_sticky_breakpoint\":\"m\",\"width_medium\":\"2-3\"},\"children\":[{\"type\":\"headline\",\"props\":{\"content\":\"Praxisnahe Schulung, zuverl\\u00e4ssige Baustellenbetreuung und Fachwissen aus erster Hand.\",\"content_en_us\":\"\n\n<p>Hands-on training, reliable on-site support, and first-hand expertise.<\\\/p>\",\"title_element\":\"h1\"}},{\"type\":\"text\",\"props\":{\"column_breakpoint\":\"m\",\"content\":\"Wir unterst\\u00fctzen Sie rund um das HUTMAX-System \\u2013 kompetent, praxisnah und zuverl\\u00e4ssig. Unsere Techniker bringen umfassende Kenntnis und langj\\u00e4hrige Erfahrung in die Planung, Umsetzung und Optimierung von Stutzenanbindung und Stutzenreparatur im begehbaren Kanal ein.\",\"content_en_us\":\"\n\n<p>We provide full support for the HUTMAX system \\u2013 with competence, practical know-how, and reliability. Our technicians bring in-depth knowledge and many years of experience to the planning, implementation, and optimization of lateral connection and repair in accessible sewer systems.<\\\/p>\",\"margin\":\"default\"}},{\"type\":\"headline\",\"props\":{\"content\":\"Unsere Systeme:\",\"content_en_us\":\"Our Systems\",\"margin_remove_top\":true,\"title_element\":\"h3\"}},{\"type\":\"list\",\"props\":{\"column_breakpoint\":\"m\",\"content_style\":\"text-bold\",\"icon\":\"tablericons-filled--circle-check\",\"image_align\":\"left\",\"image_svg_color\":\"emphasis\",\"image_vertical_align\":false,\"list_element\":\"ul\",\"list_horizontal_separator\":\", \",\"list_type\":\"vertical\",\"show_image\":true,\"show_link\":true},\"children\":[{\"type\":\"list_item\",\"props\":{\"content\":\"HUTMAX-System\"}},{\"type\":\"list_item\",\"props\":{\"content\":\"HUTMAXinject-System\"}},{\"type\":\"list_item\",\"props\":{\"content\":\"HUTMAXinject Harz-System\"}}]},{\"type\":\"headline\",\"props\":{\"content\":\"Was wir bieten:\",\"content_en_us\":\"What we offer:\",\"margin_remove_top\":true,\"title_element\":\"h3\"}},{\"type\":\"list\",\"props\":{\"column_breakpoint\":\"m\",\"image_align\":\"left\",\"image_svg_color\":\"emphasis\",\"image_vertical_align\":true,\"list_element\":\"ul\",\"list_horizontal_separator\":\", \",\"list_type\":\"vertical\",\"show_image\":true,\"show_link\":true},\"children\":[{\"type\":\"list_item\",\"props\":{\"content\":\"<strong>Theorie-inhouse Schulungen:<\\\/strong> Fundierte Wissensvermittlung zu Materialien, Anwendungen und Best Practices direkt in Ihrem Haus. Ideal zur Vorbereitung Ihres Teams auf reale Bauprozesse.\",\"content_en_us\":\"\n\n<p><strong>In-house Theoretical Training:<\\\/strong> Comprehensive knowledge transfer on materials, applications, and best practices \\u2013 directly at your location. Ideal for preparing your team for real-world construction processes.<\\\/p>\"}},{\"type\":\"list_item\",\"props\":{\"content\":\"<strong>Baustellenbetreuung:<\\\/strong> Vor-Ort-Unterst\\u00fctzung durch erfahrene Techniker, einschlie\\u00dflich Beratung, Qualit\\u00e4tskontrollen, Troubleshooting und Sicherheitstools \\u2013 damit Abl\\u00e4ufe reibungslos funktionieren.\",\"content_en_us\":\"\n\n<p><strong>On-site Support:<\\\/strong> Assistance from experienced technicians directly on location \\u2013 including consulting, quality control, troubleshooting, and safety tools to ensure smooth operations.<\\\/p>\"}},{\"type\":\"list_item\",\"props\":{\"content\":\"<strong>Praxisschulungen:<\\\/strong> Praxisorientierte \\u00dcbungen auf der Baustelle oder in Schulungsr\\u00e4umen, um Fertigkeiten im Umgang mit HUTMAX-Systemen sicher zu verankern.\",\"content_en_us\":\"\n\n<p><strong>Practical Training:<\\\/strong> Hands-on exercises on-site or in training facilities to effectively build and reinforce skills in working with HUTMAX systems.<\\\/p>\"}},{\"type\":\"list_item\",\"props\":{\"content\":\"<strong>Techniker mit Expertenwissen:<\\\/strong> Unsere Fachleute arbeiten mit aktuellen Kenntnissen zu Stutzenanbindungen, Reparaturen und Instandhaltung \\u2013 immer angepasst an Ihre spezifische Anforderung.\",\"content_en_us\":\"\n\n<p><strong>Technicians with Expert Knowledge:<\\\/strong> Our specialists work with up-to-date expertise in lateral connections, repairs, and maintenance \\u2013 always tailored to your specific requirements.<\\\/p>\"}}]}]},{\"type\":\"column\",\"props\":{\"image_position\":\"center-center\",\"position_sticky_breakpoint\":\"m\",\"width_medium\":\"1-3\"},\"children\":[{\"type\":\"headline\",\"props\":{\"content\":\"Warum Sie uns w\\u00e4hlen sollten:\",\"content_en_us\":\"Why choose us:\",\"margin\":\"large\",\"margin_remove_bottom\":true,\"title_element\":\"h3\"}},{\"type\":\"list\",\"props\":{\"column_breakpoint\":\"m\",\"icon\":\"tablericons-filled--circle-check\",\"image_align\":\"left\",\"image_svg_color\":\"emphasis\",\"image_vertical_align\":false,\"list_element\":\"ul\",\"list_horizontal_separator\":\", \",\"list_type\":\"vertical\",\"show_image\":true,\"show_link\":true},\"children\":[{\"type\":\"list_item\",\"props\":{\"content\":\"L\\u00f6sungsorientierte Beratung direkt vom Fachmann\",\"content_en_us\":\"\n\n<p>Solution-oriented consulting directly from industry experts<\\\/p>\"}},{\"type\":\"list_item\",\"props\":{\"content\":\"Ma\\u00dfgeschneiderte Schulungs- und Betreuungsmodelle\",\"content_en_us\":\"\n\n<p>Tailor-made training and support models<\\\/p>\"}},{\"type\":\"list_item\",\"props\":{\"content\":\"Fokus auf Qualit\\u00e4t, Effizienz und Sicherheit im begehbaren Kanal\",\"content_en_us\":\"\n\n<p>Focus on quality, efficiency, and safety in accessible sewer systems<\\\/p>\"}}]},{\"type\":\"text\",\"props\":{\"column_breakpoint\":\"m\",\"content\":\"Kontaktieren Sie uns f\\u00fcr ein unverbindliches Beratungsgespr\\u00e4ch oder ein individuelles Angebot. Wir freuen uns darauf, Ihr Projekt gemeinsam zum Erfolg zu f\\u00fchren.\",\"content_en_us\":\"\n\n<p>Contact us for a non-binding consultation or a customized offer. We look forward to successfully advancing your project together.<\\\/p>\",\"margin\":\"default\"}},{\"type\":\"button\",\"props\":{\"grid_column_gap\":\"small\",\"grid_row_gap\":\"small\",\"margin\":\"default\"},\"children\":[{\"type\":\"button_item\",\"props\":{\"button_style\":\"primary\",\"content\":\"Kontakt zu uns\",\"content_en_us\":\"Contact\",\"dialog_layout\":\"modal\",\"dialog_offcanvas_flip\":true,\"icon\":\"bootstrap--chat-right-text\",\"icon_align\":\"left\",\"link\":\"kontakt\\\/\"}}]}]}],\"props\":{\"column_gap\":\"large\",\"layout\":\"2-3,1-3\"}}]}],\"version\":\"4.5.28\",\"yooessentialsVersion\":\"2.4.7\"} --><\/p>\n","protected":false},"excerpt":{"rendered":"<p>Praxisnahe Schulung, zuverl\u00e4ssige Baustellenbetreuung und Fachwissen aus erster Hand. Wir unterst\u00fctzen Sie rund um das HUTMAX-System \u2013 kompetent, praxisnah und zuverl\u00e4ssig. Unsere Techniker bringen umfassende Kenntnis und langj\u00e4hrige Erfahrung in die Planung, Umsetzung und Optimierung von Stutzenanbindung und Stutzenreparatur im begehbaren Kanal ein. Unsere Systeme: HUTMAX-System HUTMAXinject-System HUTMAXinject Harz-System Was wir bieten: Theorie-inhouse Schulungen: Fundierte [&hellip;]<\/p>\n","protected":false},"author":1,"featured_media":0,"parent":0,"menu_order":0,"comment_status":"closed","ping_status":"closed","template":"","meta":{"_acf_changed":false,"footnotes":""},"class_list":["post-914","page","type-page","status-publish","hentry"],"acf":[],"yoast_head":"<!-- This site is optimized with the Yoast SEO Premium plugin v27.3 (Yoast SEO v27.3) - https:\/\/yoast.com\/product\/yoast-seo-premium-wordpress\/ -->\n<title>Service<\/title>\n<meta name=\"description\" content=\"Praxisnahe Schulung, zuverl\u00e4ssige Baustellenbetreuung und Fachwissen aus erster Hand. Wir unterst\u00fctzen Sie rund um das HUTMAX-System \u2013 kompetent, praxisnah und zuverl\u00e4ssig. Unsere Techniker bringen umfassende Kenntnis und langj\u00e4hrige Erfahrung in die Planung, Umsetzung und Optimierung von Stutzenanbindung und Stutzenreparatur im begehbaren Kanal ein. Unsere Systeme: HUTMAX-System HUTMAXinject-System HUTMAXinject Harz-System Was wir bieten: Theorie-inhouse Schulungen: Fundierte&hellip;\" \/>\n<meta name=\"robots\" content=\"index, follow, max-snippet:-1, max-image-preview:large, max-video-preview:-1\" \/>\n<link rel=\"canonical\" href=\"\" \/>\n<meta property=\"og:locale\" content=\"en_US\" \/>\n<meta property=\"og:type\" content=\"article\" \/>\n<meta property=\"og:title\" content=\"Service\" \/>\n<meta property=\"og:description\" content=\"Praxisnahe Schulung, zuverl\u00e4ssige Baustellenbetreuung und Fachwissen aus erster Hand. Wir unterst\u00fctzen Sie rund um das HUTMAX-System \u2013 kompetent, praxisnah und zuverl\u00e4ssig. Unsere Techniker bringen umfassende Kenntnis und langj\u00e4hrige Erfahrung in die Planung, Umsetzung und Optimierung von Stutzenanbindung und Stutzenreparatur im begehbaren Kanal ein. Unsere Systeme: HUTMAX-System HUTMAXinject-System HUTMAXinject Harz-System Was wir bieten: Theorie-inhouse Schulungen: Fundierte&hellip;\" \/>\n<meta property=\"og:url\" content=\"https:\/\/kanaltechnik-schuster.de\/en\/service\/\" \/>\n<meta property=\"og:site_name\" content=\"Kanaltechnik Schuster\" \/>\n<meta property=\"article:modified_time\" content=\"2025-10-13T12:24:43+00:00\" \/>\n<meta name=\"twitter:card\" content=\"summary_large_image\" \/>\n<script type=\"application\/ld+json\" class=\"yoast-schema-graph\">{\"@context\":\"https:\\\/\\\/schema.org\",\"@graph\":[{\"@type\":\"WebPage\",\"@id\":\"https:\\\/\\\/kanaltechnik-schuster.de\\\/en\\\/service\\\/\",\"url\":\"https:\\\/\\\/kanaltechnik-schuster.de\\\/en\\\/service\\\/\",\"name\":\"Service - Kanaltechnik Schuster\",\"isPartOf\":{\"@id\":\"https:\\\/\\\/kanaltechnik-schuster.de\\\/#website\"},\"datePublished\":\"2025-09-23T12:05:26+00:00\",\"dateModified\":\"2025-10-13T12:24:43+00:00\",\"breadcrumb\":{\"@id\":\"https:\\\/\\\/kanaltechnik-schuster.de\\\/en\\\/service\\\/#breadcrumb\"},\"inLanguage\":\"en-US\",\"potentialAction\":[{\"@type\":\"ReadAction\",\"target\":[\"https:\\\/\\\/kanaltechnik-schuster.de\\\/en\\\/service\\\/\"]}]},{\"@type\":\"BreadcrumbList\",\"@id\":\"https:\\\/\\\/kanaltechnik-schuster.de\\\/en\\\/service\\\/#breadcrumb\",\"itemListElement\":[{\"@type\":\"ListItem\",\"position\":1,\"name\":\"Startseite\",\"item\":\"https:\\\/\\\/kanaltechnik-schuster.de\\\/\"},{\"@type\":\"ListItem\",\"position\":2,\"name\":\"Service\"}]},{\"@type\":\"WebSite\",\"@id\":\"https:\\\/\\\/kanaltechnik-schuster.de\\\/en\\\/#website\",\"url\":\"https:\\\/\\\/kanaltechnik-schuster.de\\\/en\\\/\",\"name\":\"Kanaltechnik Schuster\",\"description\":\"\",\"potentialAction\":[{\"@type\":\"SearchAction\",\"target\":{\"@type\":\"EntryPoint\",\"urlTemplate\":\"https:\\\/\\\/kanaltechnik-schuster.de\\\/en\\\/?s={search_term_string}\"},\"query-input\":{\"@type\":\"PropertyValueSpecification\",\"valueRequired\":true,\"valueName\":\"search_term_string\"}}],\"inLanguage\":\"en-US\"}]}<\/script>\n<!-- \/ Yoast SEO Premium plugin. -->","yoast_head_json":{"title":"Service","description":"Praxisnahe Schulung, zuverl\u00e4ssige Baustellenbetreuung und Fachwissen aus erster Hand. Wir unterst\u00fctzen Sie rund um das HUTMAX-System \u2013 kompetent, praxisnah und zuverl\u00e4ssig. Unsere Techniker bringen umfassende Kenntnis und langj\u00e4hrige Erfahrung in die Planung, Umsetzung und Optimierung von Stutzenanbindung und Stutzenreparatur im begehbaren Kanal ein. Unsere Systeme: HUTMAX-System HUTMAXinject-System HUTMAXinject Harz-System Was wir bieten: Theorie-inhouse Schulungen: Fundierte&hellip;","robots":{"index":"index","follow":"follow","max-snippet":"max-snippet:-1","max-image-preview":"max-image-preview:large","max-video-preview":"max-video-preview:-1"},"canonical":"Praxisnahe Schulung, zuverl\u00e4ssige Baustellenbetreuung und Fachwissen aus erster Hand. Wir unterst\u00fctzen Sie rund um das HUTMAX-System \u2013 kompetent, praxisnah und zuverl\u00e4ssig. Unsere Techniker bringen umfassende Kenntnis und langj\u00e4hrige Erfahrung in die Planung, Umsetzung und Optimierung von Stutzenanbindung und Stutzenreparatur im begehbaren Kanal ein. Unsere Systeme: HUTMAX-System HUTMAXinject-System HUTMAXinject Harz-System Was wir bieten: Theorie-inhouse Schulungen: Fundierte&hellip;","og_locale":"en_US","og_type":"article","og_title":"Service","og_description":"Praxisnahe Schulung, zuverl\u00e4ssige Baustellenbetreuung und Fachwissen aus erster Hand. Wir unterst\u00fctzen Sie rund um das HUTMAX-System \u2013 kompetent, praxisnah und zuverl\u00e4ssig. Unsere Techniker bringen umfassende Kenntnis und langj\u00e4hrige Erfahrung in die Planung, Umsetzung und Optimierung von Stutzenanbindung und Stutzenreparatur im begehbaren Kanal ein. Unsere Systeme: HUTMAX-System HUTMAXinject-System HUTMAXinject Harz-System Was wir bieten: Theorie-inhouse Schulungen: Fundierte&hellip;","og_url":"https:\/\/kanaltechnik-schuster.de\/en\/service\/","og_site_name":"Kanaltechnik Schuster","article_modified_time":"2025-10-13T12:24:43+00:00","twitter_card":"summary_large_image","schema":{"@context":"https:\/\/schema.org","@graph":[{"@type":"WebPage","@id":"https:\/\/kanaltechnik-schuster.de\/en\/service\/","url":"https:\/\/kanaltechnik-schuster.de\/en\/service\/","name":"Service - Kanaltechnik Schuster","isPartOf":{"@id":"https:\/\/kanaltechnik-schuster.de\/#website"},"datePublished":"2025-09-23T12:05:26+00:00","dateModified":"2025-10-13T12:24:43+00:00","breadcrumb":{"@id":"https:\/\/kanaltechnik-schuster.de\/en\/service\/#breadcrumb"},"inLanguage":"en-US","potentialAction":[{"@type":"ReadAction","target":["https:\/\/kanaltechnik-schuster.de\/en\/service\/"]}]},{"@type":"BreadcrumbList","@id":"https:\/\/kanaltechnik-schuster.de\/en\/service\/#breadcrumb","itemListElement":[{"@type":"ListItem","position":1,"name":"Startseite","item":"https:\/\/kanaltechnik-schuster.de\/"},{"@type":"ListItem","position":2,"name":"Service"}]},{"@type":"WebSite","@id":"https:\/\/kanaltechnik-schuster.de\/en\/#website","url":"https:\/\/kanaltechnik-schuster.de\/en\/","name":"Kanaltechnik Schuster","description":"","potentialAction":[{"@type":"SearchAction","target":{"@type":"EntryPoint","urlTemplate":"https:\/\/kanaltechnik-schuster.de\/en\/?s={search_term_string}"},"query-input":{"@type":"PropertyValueSpecification","valueRequired":true,"valueName":"search_term_string"}}],"inLanguage":"en-US"}]}},"_links":{"self":[{"href":"https:\/\/kanaltechnik-schuster.de\/en\/wp-json\/wp\/v2\/pages\/914","targetHints":{"allow":["GET"]}}],"collection":[{"href":"https:\/\/kanaltechnik-schuster.de\/en\/wp-json\/wp\/v2\/pages"}],"about":[{"href":"https:\/\/kanaltechnik-schuster.de\/en\/wp-json\/wp\/v2\/types\/page"}],"author":[{"embeddable":true,"href":"https:\/\/kanaltechnik-schuster.de\/en\/wp-json\/wp\/v2\/users\/1"}],"replies":[{"embeddable":true,"href":"https:\/\/kanaltechnik-schuster.de\/en\/wp-json\/wp\/v2\/comments?post=914"}],"version-history":[{"count":23,"href":"https:\/\/kanaltechnik-schuster.de\/en\/wp-json\/wp\/v2\/pages\/914\/revisions"}],"predecessor-version":[{"id":1109,"href":"https:\/\/kanaltechnik-schuster.de\/en\/wp-json\/wp\/v2\/pages\/914\/revisions\/1109"}],"wp:attachment":[{"href":"https:\/\/kanaltechnik-schuster.de\/en\/wp-json\/wp\/v2\/media?parent=914"}],"curies":[{"name":"wp","href":"https:\/\/api.w.org\/{rel}","templated":true}]}}