{"id":847,"date":"2025-08-05T13:15:11","date_gmt":"2025-08-05T11:15:11","guid":{"rendered":"https:\/\/beta.kanaltechnik-schuster.de\/?page_id=847"},"modified":"2025-10-13T13:55:45","modified_gmt":"2025-10-13T11:55:45","slug":"hutmax-hutprofile","status":"publish","type":"page","link":"https:\/\/kanaltechnik-schuster.de\/en\/hutmax-hutprofile\/","title":{"rendered":"HUTMAX\u00ae Hutprofile"},"content":{"rendered":"<h1>HUTMAX\u00ae-System zur Sanierung von Stutzen im Kanal<\/h1>\n<div>Das HUTMAX System ist die innovative L\u00f6sung zur effektiven Sanierung von Stutzen in Kan\u00e4len. <\/p>\n<p>Entwickelt f\u00fcr h\u00f6chste Anspr\u00fcche, bietet unser System eine zuverl\u00e4ssige und dauerhafte Methode <\/p>\n<p>zur Instandsetzung und Verbesserung der Infrastruktur.\n<\/p><\/div>\n<h3>Produktmerkmale:<\/h3>\n<ul>\n<li>\n<div>\n<p><strong>Hochwertige Hut-Profile:<\/strong><br \/>Unsere speziell entwickelten HutProfile gew\u00e4hrleisten eine optimale Anpassung an bestehende Stutzen und sorgen f\u00fcr eine kraftschl\u00fcssige Verbindung, die den Anforderungen der Kanalinfrastruktur gerecht wird.<\/p>\n<\/div>\n<\/li>\n<li>\n<div>\n<p><strong>Einfache Anwendung:<\/strong><br \/>Das HUTMAX\u00ae-System ist benutzerfreundlich und erm\u00f6glicht eine schnelle <\/p>\n<p>und unkomplizierte Installation. Dadurch reduzieren Sie Ausfallzeiten und minimieren die St\u00f6rung <\/p>\n<p>des Betriebs.<\/p>\n<\/div>\n<\/li>\n<li>\n<div>\n<p><strong>Langlebigkeit:<\/strong><br \/>Die verwendeten Materialien sind korrosionsbest\u00e4ndig und bieten eine hohe Lebensdauer, was die Notwendigkeit zuk\u00fcnftiger Sanierungen verringert.<\/p>\n<\/div>\n<\/li>\n<li>\n<div>\n<p><strong>Flexibilit\u00e4t: <\/strong><br \/>Das System ist f\u00fcr verschiedene Kanalgr\u00f6\u00dfen und \u2013 typen geeignet, <\/p>\n<p>wodurch es sich ideal f\u00fcr eine Vielzahl von Anwendungen eignet.<\/p>\n<p>\u2013 Umweltfreundlich: Durch die Sanierung bestehender Strukturen tragen Sie aktiv zur <\/p>\n<p>Ressourcenschonung und zur Reduzierung von Abfall bei.<\/p>\n<\/div>\n<\/li>\n<\/ul>\n<h3>HUTMAX\u00ae \u2013 die perfekte L\u00f6sung f\u00fcr Anbindungen im begehbaren Kanal.<\/h3>\n<div>Zu einer erfolgreichen Renovierung (Inlinersanierung) in Gro\u00dfprofilen geh\u00f6rt die optimale Anbindung der ge\u00f6ffneten Anschl\u00fcsse. Diese sollte schnell und zuverl\u00e4ssig erfolgen und eine hohe Qualit\u00e4t sowie Langlebigkeit garantieren. Unser patentiertes HUTMAX-System ist hier genau die richtige Wahl.<\/p>\n<p>Egal, ob das Altrohr mit Inliner, GFK-Formteilen, Wickelrohren oder ein Altschacht mit Schachtlinern renoviert wurde,<\/p>\n<p>unser HUTMAX-System rundet die Sanierung durch das Anbinden der Anschl\u00fcsse ab \u2013<\/p>\n<p>und das schnell, zuverl\u00e4ssig und in sehr hoher Qualit\u00e4t.<\/p>\n<p>Unser HUTMAX ist sowohl im Kreisprofil ab DN800 als auch im begehbaren<\/p>\n<p>Eiprofil problemlos einsetzbar. Anschl\u00fcsse von DN100 bis DN300 k\u00f6nnen standardm\u00e4\u00dfig<\/p>\n<p>bis zu einer Tiefe von 250 mm eingebaut werden.<\/p><\/div>\n<div>Besonders gesch\u00e4tzt wird dabei die einfache Handhabung des HUTMAX-Systems. Die einzelnen Bauteile sind f\u00fcr den Einsatz im begehbaren Kanal konzipiert \u2013 robust, flexibel und selbsterkl\u00e4rend.<\/p>\n<p>Mit dem HUTMAX haben Sie die M\u00f6glichkeit, Anschl\u00fcsse im begehbaren Kanal<\/p>\n<p>dauerhaft dicht sowie kraft- und formschl\u00fcssig anzubinden.<\/p>\n<p>Die Qualit\u00e4t \u00fcberzeugt bereits viele unserer Kunden.<\/p><\/div>\n<h3>Entscheiden Sie sich f\u00fcr das HUTMAX System und optimieren Sie die Sanierung Ihrer Kanalstutzen <\/p>\n<p>mit einer L\u00f6sung, die Effizienz, Qualit\u00e4t und Nachhaltigkeit vereint!<\/h3>\n<div class=\"brlbs-cmpnt-container brlbs-cmpnt-content-blocker brlbs-cmpnt-with-individual-styles\" data-borlabs-cookie-content-blocker-id=\"default\" data-borlabs-cookie-content=\"PGlmcmFtZSBzcmM9Imh0dHBzOi8vdmltZW8uY29tLzkwMTEwNTc2MyI+PC9pZnJhbWU+\">\n<div class=\"brlbs-cmpnt-cb-preset-a\">\n<p class=\"brlbs-cmpnt-cb-description\">You are currently viewing a placeholder content from <strong>Default<\/strong>. To access the actual content, click the button below. Please note that doing so will share data with third-party providers.<\/p>\n<div class=\"brlbs-cmpnt-cb-buttons\"> <a class=\"brlbs-cmpnt-cb-btn\" href=\"#\" data-borlabs-cookie-unblock role=\"button\">Unblock content<\/a> <a class=\"brlbs-cmpnt-cb-btn\" href=\"#\" data-borlabs-cookie-accept-service role=\"button\" style=\"display: none\">Accept required service and unblock content<\/a> <\/div>\n<p> <a class=\"brlbs-cmpnt-cb-provider-toggle\" href=\"#\" data-borlabs-cookie-show-provider-information role=\"button\">More Information<\/a> <\/div>\n<\/div>\n<ul>\n<li>\n<p>        <img decoding=\"async\" src=\"\/wp-content\/uploads\/hutmax-web-1.jpg\" alt=\"\"><\/p>\n<h3>hutmax-web-1<\/h3>\n<\/li>\n<li>\n<p>        <img decoding=\"async\" src=\"\/wp-content\/uploads\/hutmax-web-2.jpg\" alt=\"\"><\/p>\n<h3>hutmax-web-2<\/h3>\n<\/li>\n<li>\n<p>        <img decoding=\"async\" src=\"\/wp-content\/uploads\/hutmax-web-3.jpg\" alt=\"\"><\/p>\n<h3>hutmax-web-3<\/h3>\n<\/li>\n<li>\n<p>        <img decoding=\"async\" src=\"\/wp-content\/uploads\/hutmax-web-4.jpg\" alt=\"\"><\/p>\n<h3>hutmax-web-4<\/h3>\n<\/li>\n<li>\n<p>        <img decoding=\"async\" src=\"\/wp-content\/uploads\/hutmax-web-5.jpg\" alt=\"\"><\/p>\n<h3>hutmax-web-5<\/h3>\n<\/li>\n<li>\n<p>        <img decoding=\"async\" src=\"\/wp-content\/uploads\/hutmax-web-6.jpg\" alt=\"\"><\/p>\n<h3>hutmax-web-6<\/h3>\n<\/li>\n<\/ul>\n<h3>Vorteile des HUTMAX Systems:<\/h3>\n<ul>\n<li>\n<div><strong>Schnelle Ergebnisse:<\/strong> Dank der einfachen Handhabung und der schnellen Installation k\u00f6nnen Sie die Sanierungsarbeiten z\u00fcgig abschlie\u00dfen und die Betriebsabl\u00e4ufe schnellstm\u00f6glich wiederherstellen.<\/div>\n<\/li>\n<li>\n<div><strong>Zuverl\u00e4ssige Qualit\u00e4t:<\/strong> Vertrauen Sie auf ein System, das in der Branche anerkannt ist und sich durch seine hohe Qualit\u00e4t und Effektivit\u00e4t auszeichnet.<\/div>\n<\/li>\n<\/ul>\n<p><p>\n        <a href=\"\/kontakt\/\">Kontakt zu uns<\/a>\n    <\/p>\n<\/p>\n<p><!--more--><br \/>\n<!-- {\"type\":\"layout\",\"children\":[{\"type\":\"section\",\"props\":{\"animation\":\"scale-down\",\"animation_delay\":\"20\",\"image_position\":\"center-center\",\"style\":\"default\",\"title_breakpoint\":\"xl\",\"title_position\":\"top-left\",\"title_rotation\":\"left\",\"vertical_align\":\"middle\",\"width\":\"default\"},\"children\":[{\"type\":\"row\",\"children\":[{\"type\":\"column\",\"props\":{\"image_position\":\"center-center\",\"position_sticky_breakpoint\":\"m\",\"width_medium\":\"2-3\"},\"children\":[{\"type\":\"headline\",\"props\":{\"content\":\"HUTMAX\\u00ae-System zur Sanierung von Stutzen im Kanal\",\"content_en_us\":\"HUTMAX\\u00ae system for the rehabilitation of sewer lateral connections\",\"title_element\":\"h1\"}},{\"type\":\"text\",\"props\":{\"column_breakpoint\":\"m\",\"content\":\"Das HUTMAX System ist die innovative L\\u00f6sung zur effektiven Sanierung von Stutzen in Kan\\u00e4len. \\n\\nEntwickelt f\\u00fcr h\\u00f6chste Anspr\\u00fcche, bietet unser System eine zuverl\\u00e4ssige und dauerhafte Methode \\n\\nzur Instandsetzung und Verbesserung der Infrastruktur.\\n\",\"content_en_us\":\"The HUTMAX system is the innovative solution for the effective rehabilitation of lateral connections in sewers. Developed to meet the highest standards, our system offers a reliable and long-lasting method for restoring and improving infrastructure.\",\"margin\":\"default\"}},{\"type\":\"headline\",\"props\":{\"content\":\"Produktmerkmale:\",\"content_en_us\":\"Product features:\",\"margin_remove_top\":true,\"title_element\":\"h3\"}},{\"type\":\"list\",\"props\":{\"column_breakpoint\":\"m\",\"icon\":\"tablericons-filled--circle-check\",\"image_align\":\"left\",\"image_svg_color\":\"emphasis\",\"image_vertical_align\":false,\"list_element\":\"ul\",\"list_horizontal_separator\":\", \",\"list_type\":\"vertical\",\"show_image\":true,\"show_link\":true},\"children\":[{\"type\":\"list_item\",\"props\":{\"content\":\"\n\n<p><strong>Hochwertige Hut-Profile:<\\\/strong><br \\\/>Unsere speziell entwickelten HutProfile gew\\u00e4hrleisten eine optimale Anpassung an bestehende Stutzen und sorgen f\\u00fcr eine kraftschl\\u00fcssige Verbindung, die den Anforderungen der Kanalinfrastruktur gerecht wird.<\\\/p>\",\"content_en_us\":\"\n\n<p><strong>High-quality hat profiles:<\\\/strong><br \\\/>Our specially developed hat profiles ensure optimal adaptation to existing lateral connections and provide a form-fit connection that meets the demands of sewer infrastructure.<\\\/p>\"}},{\"type\":\"list_item\",\"props\":{\"content\":\"\n\n<p><strong>Einfache Anwendung:<\\\/strong><br \\\/>Das HUTMAX\\u00ae-System ist benutzerfreundlich und erm\\u00f6glicht eine schnelle \\n\\nund unkomplizierte Installation. Dadurch reduzieren Sie Ausfallzeiten und minimieren die St\\u00f6rung \\n\\ndes Betriebs.<\\\/p>\",\"content_en_us\":\"\n\n<p><strong>Easy application:<\\\/strong><br \\\/>The HUTMAX\\u00ae system is user-friendly and allows for quick and straightforward installation. This reduces downtime and minimizes operational disruptions.<\\\/p>\"}},{\"type\":\"list_item\",\"props\":{\"content\":\"\n\n<p><strong>Langlebigkeit:<\\\/strong><br \\\/>Die verwendeten Materialien sind korrosionsbest\\u00e4ndig und bieten eine hohe Lebensdauer, was die Notwendigkeit zuk\\u00fcnftiger Sanierungen verringert.<\\\/p>\",\"content_en_us\":\"\n\n<p><strong>Durability:<\\\/strong><br \\\/>The materials used are corrosion-resistant and offer a long service life, reducing the need for future rehabilitations.<\\\/p>\"}},{\"type\":\"list_item\",\"props\":{\"content\":\"\n\n<p><strong>Flexibilit\\u00e4t: <\\\/strong><br \\\/>Das System ist f\\u00fcr verschiedene Kanalgr\\u00f6\\u00dfen und \\u2013 typen geeignet, \\n\\nwodurch es sich ideal f\\u00fcr eine Vielzahl von Anwendungen eignet.\\n\\n\\u2013 Umweltfreundlich: Durch die Sanierung bestehender Strukturen tragen Sie aktiv zur \\n\\nRessourcenschonung und zur Reduzierung von Abfall bei.<\\\/p>\",\"content_en_us\":\"\n\n<p><strong>Flexibility:<\\\/strong><br \\\/>The system is suitable for various sewer sizes and types, making it ideal for a wide range of applications.Environmentally friendly:By rehabilitating existing structures, you actively contribute to conserving resources and reducing waste.<\\\/p>\"}}]},{\"type\":\"headline\",\"props\":{\"content\":\"HUTMAX\\u00ae \\u2013 die perfekte L\\u00f6sung f\\u00fcr Anbindungen im begehbaren Kanal.\",\"content_en_us\":\"HUTMAX\\u00ae \\u2013 the perfect solution for connections in walkable sewers.\",\"margin_remove_top\":true,\"title_element\":\"h3\"}},{\"type\":\"text\",\"props\":{\"column_breakpoint\":\"m\",\"content\":\"Zu einer erfolgreichen Renovierung (Inlinersanierung) in Gro\\u00dfprofilen geh\\u00f6rt die optimale Anbindung der ge\\u00f6ffneten Anschl\\u00fcsse. Diese sollte schnell und zuverl\\u00e4ssig erfolgen und eine hohe Qualit\\u00e4t sowie Langlebigkeit garantieren. Unser patentiertes HUTMAX-System ist hier genau die richtige Wahl.\\n\\nEgal, ob das Altrohr mit Inliner, GFK-Formteilen, Wickelrohren oder ein Altschacht mit Schachtlinern renoviert wurde,\\n\\nunser HUTMAX-System rundet die Sanierung durch das Anbinden der Anschl\\u00fcsse ab \\u2013\\n\\nund das schnell, zuverl\\u00e4ssig und in sehr hoher Qualit\\u00e4t.\\n\\nUnser HUTMAX ist sowohl im Kreisprofil ab DN800 als auch im begehbaren\\n\\nEiprofil problemlos einsetzbar. Anschl\\u00fcsse von DN100 bis DN300 k\\u00f6nnen standardm\\u00e4\\u00dfig\\n\\nbis zu einer Tiefe von 250 mm eingebaut werden.\",\"content_en_us\":\"A successful renovation (CIPP lining) in large profiles requires optimal connection of the opened laterals. This should be done quickly and reliably, while ensuring high quality and long-lasting results. Our patented HUTMAX system is the perfect choice for this.  \\nWhether the old pipe has been rehabilitated using CIPP liners, GRP fittings, spiral-wound pipes, or a manhole with manhole liners \\u2013 the HUTMAX system completes the rehabilitation by seamlessly connecting the laterals \\u2013 quickly, reliably, and with exceptional quality.  \\nHUTMAX can be easily used in circular profiles starting from DN800 as well as in walkable egg-shaped profiles. Standard connections from DN100 to DN300 can be installed up to a depth of 250 mm.\",\"margin\":\"default\"}},{\"type\":\"text\",\"props\":{\"column_breakpoint\":\"m\",\"content\":\"Besonders gesch\\u00e4tzt wird dabei die einfache Handhabung des HUTMAX-Systems. Die einzelnen Bauteile sind f\\u00fcr den Einsatz im begehbaren Kanal konzipiert \\u2013 robust, flexibel und selbsterkl\\u00e4rend.\\n\\nMit dem HUTMAX haben Sie die M\\u00f6glichkeit, Anschl\\u00fcsse im begehbaren Kanal\\n\\ndauerhaft dicht sowie kraft- und formschl\\u00fcssig anzubinden.\\n\\nDie Qualit\\u00e4t \\u00fcberzeugt bereits viele unserer Kunden.\",\"content_en_us\":\"The HUTMAX system is particularly valued for its ease of use. Each component is designed for use in walkable sewers \\u2013 robust, flexible, and self-explanatory.\\n\\nWith HUTMAX, you have the ability to connect laterals in walkable sewers in a permanently sealed, force-fit, and form-fit manner.\\n\\nThe quality has already convinced many of our customers.\",\"margin\":\"default\"}},{\"type\":\"headline\",\"props\":{\"content\":\"Entscheiden Sie sich f\\u00fcr das HUTMAX System und optimieren Sie die Sanierung Ihrer Kanalstutzen \\n\\nmit einer L\\u00f6sung, die Effizienz, Qualit\\u00e4t und Nachhaltigkeit vereint!\",\"content_en_us\":\"Choose the HUTMAX system and optimize your sewer lateral rehabilitation  \\nwith a solution that combines efficiency, quality, and sustainability!\",\"margin_remove_top\":true,\"title_element\":\"h3\"}},{\"type\":\"video\",\"props\":{\"margin\":\"default\",\"video\":\"https:\\\/\\\/vimeo.com\\\/901105763\",\"video_box_shadow\":\"xlarge\",\"video_controls\":true,\"video_width\":2000},\"name\":\"Video\"}]},{\"type\":\"column\",\"props\":{\"image_position\":\"center-center\",\"position_sticky_breakpoint\":\"m\",\"width_medium\":\"1-3\"},\"children\":[{\"type\":\"gallery\",\"props\":{\"filter_align\":\"left\",\"filter_all\":true,\"filter_grid_breakpoint\":\"m\",\"filter_grid_width\":\"auto\",\"filter_position\":\"top\",\"filter_style\":\"tab\",\"grid_column_gap\":\"small\",\"grid_default\":\"1\",\"grid_medium\":\"2\",\"grid_row_gap\":\"small\",\"grid_small\":\"2\",\"image_border\":\"rounded\",\"image_box_shadow\":\"xlarge\",\"item_animation\":true,\"lightbox\":true,\"lightbox_bg_close\":true,\"link_style\":\"default\",\"link_text\":\"\",\"margin\":\"default\",\"meta_align\":\"below-title\",\"meta_element\":\"div\",\"meta_style\":\"text-meta\",\"overlay_hover\":false,\"overlay_link\":true,\"overlay_mode\":\"cover\",\"overlay_position\":\"center\",\"overlay_style\":\"\",\"overlay_transition\":\"fade\",\"show_content\":false,\"show_hover_image\":false,\"show_hover_video\":false,\"show_link\":true,\"show_meta\":false,\"show_title\":false,\"text_align\":\"center\",\"text_color\":\"light\",\"title_element\":\"h3\",\"title_hover_style\":\"reset\"},\"children\":[{\"type\":\"gallery_item\",\"props\":{\"image\":\"wp-content\\\/uploads\\\/hutmax-web-1.jpg\",\"title\":\"hutmax-web-1\"}},{\"type\":\"gallery_item\",\"props\":{\"image\":\"wp-content\\\/uploads\\\/hutmax-web-2.jpg\",\"title\":\"hutmax-web-2\"}},{\"type\":\"gallery_item\",\"props\":{\"image\":\"wp-content\\\/uploads\\\/hutmax-web-3.jpg\",\"title\":\"hutmax-web-3\"}},{\"type\":\"gallery_item\",\"props\":{\"image\":\"wp-content\\\/uploads\\\/hutmax-web-4.jpg\",\"title\":\"hutmax-web-4\"}},{\"type\":\"gallery_item\",\"props\":{\"image\":\"wp-content\\\/uploads\\\/hutmax-web-5.jpg\",\"title\":\"hutmax-web-5\"}},{\"type\":\"gallery_item\",\"props\":{\"image\":\"wp-content\\\/uploads\\\/hutmax-web-6.jpg\",\"title\":\"hutmax-web-6\"}}]},{\"type\":\"headline\",\"props\":{\"content\":\"Vorteile des HUTMAX Systems:\",\"content_en_us\":\"Benefits of the HUTMAX system:\",\"margin\":\"large\",\"margin_remove_bottom\":true,\"title_element\":\"h3\"}},{\"type\":\"list\",\"props\":{\"column_breakpoint\":\"m\",\"image_align\":\"left\",\"image_svg_color\":\"emphasis\",\"image_vertical_align\":true,\"list_element\":\"ul\",\"list_horizontal_separator\":\", \",\"list_type\":\"vertical\",\"show_image\":true,\"show_link\":true},\"children\":[{\"type\":\"list_item\",\"props\":{\"content\":\"<strong>Schnelle Ergebnisse:<\\\/strong> Dank der einfachen Handhabung und der schnellen Installation k\\u00f6nnen Sie die Sanierungsarbeiten z\\u00fcgig abschlie\\u00dfen und die Betriebsabl\\u00e4ufe schnellstm\\u00f6glich wiederherstellen.\",\"content_en_us\":\"<strong>Fast results:<\\\/strong> Thanks to its ease of use and quick installation, you can complete rehabilitation work efficiently and restore operations as quickly as possible.\"}},{\"type\":\"list_item\",\"props\":{\"content\":\"<strong>Zuverl\\u00e4ssige Qualit\\u00e4t:<\\\/strong> Vertrauen Sie auf ein System, das in der Branche anerkannt ist und sich durch seine hohe Qualit\\u00e4t und Effektivit\\u00e4t auszeichnet.\",\"content_en_us\":\"<strong>Reliable quality:<\\\/strong> Rely on a system that is recognized in the industry and stands out for its high quality and effectiveness.\"}}]},{\"type\":\"button\",\"props\":{\"grid_column_gap\":\"small\",\"grid_row_gap\":\"small\",\"margin\":\"default\"},\"children\":[{\"type\":\"button_item\",\"props\":{\"button_style\":\"primary\",\"content\":\"Kontakt zu uns\",\"content_en_us\":\"contact\",\"dialog_layout\":\"modal\",\"dialog_offcanvas_flip\":true,\"icon\":\"bootstrap--chat-right-text\",\"icon_align\":\"left\",\"link\":\"kontakt\\\/\"}}]}]}],\"props\":{\"column_gap\":\"large\",\"layout\":\"2-3,1-3\"}}]}],\"version\":\"4.5.28\",\"yooessentialsVersion\":\"2.4.7\"} --><\/p>\n","protected":false},"excerpt":{"rendered":"<p>HUTMAX\u00ae-System zur Sanierung von Stutzen im Kanal Das HUTMAX System ist die innovative L\u00f6sung zur effektiven Sanierung von Stutzen in Kan\u00e4len. Entwickelt f\u00fcr h\u00f6chste Anspr\u00fcche, bietet unser System eine zuverl\u00e4ssige und dauerhafte Methode zur Instandsetzung und Verbesserung der Infrastruktur. Produktmerkmale: Hochwertige Hut-Profile:Unsere speziell entwickelten HutProfile gew\u00e4hrleisten eine optimale Anpassung an bestehende Stutzen und sorgen f\u00fcr [&hellip;]<\/p>\n","protected":false},"author":1,"featured_media":0,"parent":0,"menu_order":0,"comment_status":"closed","ping_status":"closed","template":"","meta":{"_acf_changed":false,"footnotes":""},"class_list":["post-847","page","type-page","status-publish","hentry"],"acf":[],"yoast_head":"<!-- This site is optimized with the Yoast SEO Premium plugin v27.3 (Yoast SEO v27.3) - https:\/\/yoast.com\/product\/yoast-seo-premium-wordpress\/ -->\n<title>HUTMAX\u00ae Hutprofile<\/title>\n<meta name=\"description\" content=\"HUTMAX\u00ae-System zur Sanierung von Stutzen im Kanal Das HUTMAX System ist die innovative L\u00f6sung zur effektiven Sanierung von Stutzen in Kan\u00e4len. Entwickelt f\u00fcr h\u00f6chste Anspr\u00fcche, bietet unser System eine zuverl\u00e4ssige und dauerhafte Methode zur Instandsetzung und Verbesserung der Infrastruktur. Produktmerkmale: Hochwertige Hut-Profile:Unsere speziell entwickelten HutProfile gew\u00e4hrleisten eine optimale Anpassung an bestehende Stutzen und sorgen f\u00fcr&hellip;\" \/>\n<meta name=\"robots\" content=\"index, follow, max-snippet:-1, max-image-preview:large, max-video-preview:-1\" \/>\n<link rel=\"canonical\" href=\"\" \/>\n<meta property=\"og:locale\" content=\"en_US\" \/>\n<meta property=\"og:type\" content=\"article\" \/>\n<meta property=\"og:title\" content=\"HUTMAX\u00ae Hutprofile\" \/>\n<meta property=\"og:description\" content=\"HUTMAX\u00ae-System zur Sanierung von Stutzen im Kanal Das HUTMAX System ist die innovative L\u00f6sung zur effektiven Sanierung von Stutzen in Kan\u00e4len. Entwickelt f\u00fcr h\u00f6chste Anspr\u00fcche, bietet unser System eine zuverl\u00e4ssige und dauerhafte Methode zur Instandsetzung und Verbesserung der Infrastruktur. Produktmerkmale: Hochwertige Hut-Profile:Unsere speziell entwickelten HutProfile gew\u00e4hrleisten eine optimale Anpassung an bestehende Stutzen und sorgen f\u00fcr&hellip;\" \/>\n<meta property=\"og:url\" content=\"https:\/\/kanaltechnik-schuster.de\/en\/hutmax-hutprofile\/\" \/>\n<meta property=\"og:site_name\" content=\"Kanaltechnik Schuster\" \/>\n<meta property=\"article:modified_time\" content=\"2025-10-13T11:55:45+00:00\" \/>\n<meta name=\"twitter:card\" content=\"summary_large_image\" \/>\n<script type=\"application\/ld+json\" class=\"yoast-schema-graph\">{\"@context\":\"https:\\\/\\\/schema.org\",\"@graph\":[{\"@type\":\"WebPage\",\"@id\":\"https:\\\/\\\/kanaltechnik-schuster.de\\\/en\\\/hutmax-hutprofile\\\/\",\"url\":\"https:\\\/\\\/kanaltechnik-schuster.de\\\/en\\\/hutmax-hutprofile\\\/\",\"name\":\"HUTMAX\u00ae Hutprofile - Kanaltechnik Schuster\",\"isPartOf\":{\"@id\":\"https:\\\/\\\/kanaltechnik-schuster.de\\\/#website\"},\"datePublished\":\"2025-08-05T11:15:11+00:00\",\"dateModified\":\"2025-10-13T11:55:45+00:00\",\"breadcrumb\":{\"@id\":\"https:\\\/\\\/kanaltechnik-schuster.de\\\/en\\\/hutmax-hutprofile\\\/#breadcrumb\"},\"inLanguage\":\"en-US\",\"potentialAction\":[{\"@type\":\"ReadAction\",\"target\":[\"https:\\\/\\\/kanaltechnik-schuster.de\\\/en\\\/hutmax-hutprofile\\\/\"]}]},{\"@type\":\"BreadcrumbList\",\"@id\":\"https:\\\/\\\/kanaltechnik-schuster.de\\\/en\\\/hutmax-hutprofile\\\/#breadcrumb\",\"itemListElement\":[{\"@type\":\"ListItem\",\"position\":1,\"name\":\"Startseite\",\"item\":\"https:\\\/\\\/kanaltechnik-schuster.de\\\/\"},{\"@type\":\"ListItem\",\"position\":2,\"name\":\"HUTMAX\u00ae Hutprofile\"}]},{\"@type\":\"WebSite\",\"@id\":\"https:\\\/\\\/kanaltechnik-schuster.de\\\/en\\\/#website\",\"url\":\"https:\\\/\\\/kanaltechnik-schuster.de\\\/en\\\/\",\"name\":\"Kanaltechnik Schuster\",\"description\":\"\",\"potentialAction\":[{\"@type\":\"SearchAction\",\"target\":{\"@type\":\"EntryPoint\",\"urlTemplate\":\"https:\\\/\\\/kanaltechnik-schuster.de\\\/en\\\/?s={search_term_string}\"},\"query-input\":{\"@type\":\"PropertyValueSpecification\",\"valueRequired\":true,\"valueName\":\"search_term_string\"}}],\"inLanguage\":\"en-US\"}]}<\/script>\n<!-- \/ Yoast SEO Premium plugin. -->","yoast_head_json":{"title":"HUTMAX\u00ae Hutprofile","description":"HUTMAX\u00ae-System zur Sanierung von Stutzen im Kanal Das HUTMAX System ist die innovative L\u00f6sung zur effektiven Sanierung von Stutzen in Kan\u00e4len. Entwickelt f\u00fcr h\u00f6chste Anspr\u00fcche, bietet unser System eine zuverl\u00e4ssige und dauerhafte Methode zur Instandsetzung und Verbesserung der Infrastruktur. Produktmerkmale: Hochwertige Hut-Profile:Unsere speziell entwickelten HutProfile gew\u00e4hrleisten eine optimale Anpassung an bestehende Stutzen und sorgen f\u00fcr&hellip;","robots":{"index":"index","follow":"follow","max-snippet":"max-snippet:-1","max-image-preview":"max-image-preview:large","max-video-preview":"max-video-preview:-1"},"canonical":"HUTMAX\u00ae-System zur Sanierung von Stutzen im Kanal Das HUTMAX System ist die innovative L\u00f6sung zur effektiven Sanierung von Stutzen in Kan\u00e4len. Entwickelt f\u00fcr h\u00f6chste Anspr\u00fcche, bietet unser System eine zuverl\u00e4ssige und dauerhafte Methode zur Instandsetzung und Verbesserung der Infrastruktur. Produktmerkmale: Hochwertige Hut-Profile:Unsere speziell entwickelten HutProfile gew\u00e4hrleisten eine optimale Anpassung an bestehende Stutzen und sorgen f\u00fcr&hellip;","og_locale":"en_US","og_type":"article","og_title":"HUTMAX\u00ae Hutprofile","og_description":"HUTMAX\u00ae-System zur Sanierung von Stutzen im Kanal Das HUTMAX System ist die innovative L\u00f6sung zur effektiven Sanierung von Stutzen in Kan\u00e4len. Entwickelt f\u00fcr h\u00f6chste Anspr\u00fcche, bietet unser System eine zuverl\u00e4ssige und dauerhafte Methode zur Instandsetzung und Verbesserung der Infrastruktur. Produktmerkmale: Hochwertige Hut-Profile:Unsere speziell entwickelten HutProfile gew\u00e4hrleisten eine optimale Anpassung an bestehende Stutzen und sorgen f\u00fcr&hellip;","og_url":"https:\/\/kanaltechnik-schuster.de\/en\/hutmax-hutprofile\/","og_site_name":"Kanaltechnik Schuster","article_modified_time":"2025-10-13T11:55:45+00:00","twitter_card":"summary_large_image","schema":{"@context":"https:\/\/schema.org","@graph":[{"@type":"WebPage","@id":"https:\/\/kanaltechnik-schuster.de\/en\/hutmax-hutprofile\/","url":"https:\/\/kanaltechnik-schuster.de\/en\/hutmax-hutprofile\/","name":"HUTMAX\u00ae Hutprofile - Kanaltechnik Schuster","isPartOf":{"@id":"https:\/\/kanaltechnik-schuster.de\/#website"},"datePublished":"2025-08-05T11:15:11+00:00","dateModified":"2025-10-13T11:55:45+00:00","breadcrumb":{"@id":"https:\/\/kanaltechnik-schuster.de\/en\/hutmax-hutprofile\/#breadcrumb"},"inLanguage":"en-US","potentialAction":[{"@type":"ReadAction","target":["https:\/\/kanaltechnik-schuster.de\/en\/hutmax-hutprofile\/"]}]},{"@type":"BreadcrumbList","@id":"https:\/\/kanaltechnik-schuster.de\/en\/hutmax-hutprofile\/#breadcrumb","itemListElement":[{"@type":"ListItem","position":1,"name":"Startseite","item":"https:\/\/kanaltechnik-schuster.de\/"},{"@type":"ListItem","position":2,"name":"HUTMAX\u00ae Hutprofile"}]},{"@type":"WebSite","@id":"https:\/\/kanaltechnik-schuster.de\/en\/#website","url":"https:\/\/kanaltechnik-schuster.de\/en\/","name":"Kanaltechnik Schuster","description":"","potentialAction":[{"@type":"SearchAction","target":{"@type":"EntryPoint","urlTemplate":"https:\/\/kanaltechnik-schuster.de\/en\/?s={search_term_string}"},"query-input":{"@type":"PropertyValueSpecification","valueRequired":true,"valueName":"search_term_string"}}],"inLanguage":"en-US"}]}},"_links":{"self":[{"href":"https:\/\/kanaltechnik-schuster.de\/en\/wp-json\/wp\/v2\/pages\/847","targetHints":{"allow":["GET"]}}],"collection":[{"href":"https:\/\/kanaltechnik-schuster.de\/en\/wp-json\/wp\/v2\/pages"}],"about":[{"href":"https:\/\/kanaltechnik-schuster.de\/en\/wp-json\/wp\/v2\/types\/page"}],"author":[{"embeddable":true,"href":"https:\/\/kanaltechnik-schuster.de\/en\/wp-json\/wp\/v2\/users\/1"}],"replies":[{"embeddable":true,"href":"https:\/\/kanaltechnik-schuster.de\/en\/wp-json\/wp\/v2\/comments?post=847"}],"version-history":[{"count":45,"href":"https:\/\/kanaltechnik-schuster.de\/en\/wp-json\/wp\/v2\/pages\/847\/revisions"}],"predecessor-version":[{"id":1065,"href":"https:\/\/kanaltechnik-schuster.de\/en\/wp-json\/wp\/v2\/pages\/847\/revisions\/1065"}],"wp:attachment":[{"href":"https:\/\/kanaltechnik-schuster.de\/en\/wp-json\/wp\/v2\/media?parent=847"}],"curies":[{"name":"wp","href":"https:\/\/api.w.org\/{rel}","templated":true}]}}