{"id":546,"date":"2025-04-24T08:24:17","date_gmt":"2025-04-24T06:24:17","guid":{"rendered":"https:\/\/beta.kanaltechnik-schuster.de\/membership-login\/membership-profile\/"},"modified":"2025-04-24T16:26:38","modified_gmt":"2025-04-24T14:26:38","slug":"profile","status":"publish","type":"page","link":"https:\/\/kanaltechnik-schuster.de\/en\/login\/profile\/","title":{"rendered":"Profil"},"content":{"rendered":"<h1>Meine Daten \u00e4ndern<\/h1>\n<div>Hier k\u00f6nnen Sie Ihre pers\u00f6nlichen Angaben ganz einfach anpassen.<br \/>\n  Falls es dabei zu Problemen kommt, melden Sie sich bitte bei uns \u2013 wir helfen Ihnen gerne weiter.<\/div>\n<div><div class=\"swpm_profile_not_logged_in_msg\">You are not logged in.<\/div><\/div>\n<p><!--more--><br \/>\n<!-- {\"type\":\"layout\",\"children\":[{\"type\":\"section\",\"props\":{\"animation\":\"slide-bottom-medium\",\"animation_delay\":\"20\",\"header_transparent\":true,\"header_transparent_noplaceholder\":false,\"height\":\"viewport\",\"height_viewport\":90,\"image_position\":\"center-center\",\"padding\":\"small\",\"style\":\"default\",\"title_breakpoint\":\"xl\",\"title_position\":\"top-left\",\"title_rotation\":\"left\",\"vertical_align\":\"middle\",\"width\":\"large\"},\"children\":[{\"type\":\"row\",\"children\":[{\"type\":\"column\",\"props\":{\"image_position\":\"center-center\",\"position_sticky_breakpoint\":\"m\",\"width_medium\":\"1-4\"},\"children\":[{\"type\":\"module_position\",\"props\":{\"breakpoint\":\"m\",\"content\":\"sidebar\",\"layout\":\"stack\"}}]},{\"type\":\"column\",\"props\":{\"image_position\":\"center-center\",\"position_sticky_breakpoint\":\"m\",\"width_medium\":\"3-4\"},\"children\":[{\"type\":\"headline\",\"props\":{\"content\":\"Meine Daten \\u00e4ndern\",\"text_align\":\"left\",\"title_element\":\"h1\"}},{\"type\":\"text\",\"props\":{\"column_breakpoint\":\"m\",\"content\":\"Hier k\\u00f6nnen Sie Ihre pers\\u00f6nlichen Angaben ganz einfach anpassen.\\n  Falls es dabei zu Problemen kommt, melden Sie sich bitte bei uns \\u2013 wir helfen Ihnen gerne weiter.\",\"margin\":\"default\",\"text_align\":\"left\"}},{\"type\":\"text\",\"props\":{\"column_breakpoint\":\"m\",\"content\":\"[swpm_profile_form]\",\"css\":\".swpm-form-row.swpm-membership-level-row.uk-margin {\\n    display: none;\\n}\\n\\n.swpm-form-row.swpm-username-row.uk-margin {\\n    display: none;\\n}\\n\\n.swpm-edit-profile-form input[type=\\\"text\\\"], .swpm-edit-profile-form input[type=\\\"password\\\"] {\\n    width: 100%;\\n}\\n.swpm-form-input-wrap.swpm-form-country-input-wrap {\\n    display: none;\\n}\",\"margin\":\"default\"}}]}],\"props\":{\"column_gap\":\"large\",\"divider\":true,\"layout\":\"1-4,3-4\"}}]}],\"version\":\"4.5.14\",\"yooessentialsVersion\":\"2.3.12\"} --><\/p>\n","protected":false},"excerpt":{"rendered":"<p>Meine Daten \u00e4ndern Hier k\u00f6nnen Sie Ihre pers\u00f6nlichen Angaben ganz einfach anpassen. Falls es dabei zu Problemen kommt, melden Sie sich bitte bei uns \u2013 wir helfen Ihnen gerne weiter. You are not logged in.<\/p>\n","protected":false},"author":1,"featured_media":0,"parent":545,"menu_order":0,"comment_status":"closed","ping_status":"closed","template":"","meta":{"_acf_changed":false,"footnotes":""},"class_list":["post-546","page","type-page","status-publish","hentry"],"acf":[],"yoast_head":"<!-- This site is optimized with the Yoast SEO Premium plugin v27.3 (Yoast SEO v27.3) - https:\/\/yoast.com\/product\/yoast-seo-premium-wordpress\/ -->\n<title>Profil<\/title>\n<meta name=\"description\" content=\"Meine Daten \u00e4ndern Hier k\u00f6nnen Sie Ihre pers\u00f6nlichen Angaben ganz einfach anpassen. Falls es dabei zu Problemen kommt, melden Sie sich bitte bei uns \u2013 wir helfen Ihnen gerne weiter. [swpm_profile_form]\" \/>\n<meta name=\"robots\" content=\"index, follow, max-snippet:-1, max-image-preview:large, max-video-preview:-1\" \/>\n<link rel=\"canonical\" href=\"http:\/\/Meine%20Daten%20\u00e4ndern%20Hier%20k\u00f6nnen%20Sie%20Ihre%20pers\u00f6nlichen%20Angaben%20ganz%20einfach%20anpassen.%20Falls%20es%20dabei%20zu%20Problemen%20kommt,%20melden%20Sie%20sich%20bitte%20bei%20uns%20\u2013%20wir%20helfen%20Ihnen%20gerne%20weiter.%20[swpm_profile_form]\" \/>\n<meta property=\"og:locale\" content=\"en_US\" \/>\n<meta property=\"og:type\" content=\"article\" \/>\n<meta property=\"og:title\" content=\"Profil\" \/>\n<meta property=\"og:description\" content=\"Meine Daten \u00e4ndern Hier k\u00f6nnen Sie Ihre pers\u00f6nlichen Angaben ganz einfach anpassen. Falls es dabei zu Problemen kommt, melden Sie sich bitte bei uns \u2013 wir helfen Ihnen gerne weiter. [swpm_profile_form]\" \/>\n<meta property=\"og:url\" content=\"https:\/\/kanaltechnik-schuster.de\/en\/login\/profile\/\" \/>\n<meta property=\"og:site_name\" content=\"Kanaltechnik Schuster\" \/>\n<meta property=\"article:modified_time\" content=\"2025-04-24T14:26:38+00:00\" \/>\n<meta name=\"twitter:card\" content=\"summary_large_image\" \/>\n<meta name=\"twitter:label1\" content=\"Est. reading time\" \/>\n\t<meta name=\"twitter:data1\" content=\"1 minute\" \/>\n<script type=\"application\/ld+json\" class=\"yoast-schema-graph\">{\"@context\":\"https:\\\/\\\/schema.org\",\"@graph\":[{\"@type\":\"WebPage\",\"@id\":\"https:\\\/\\\/kanaltechnik-schuster.de\\\/en\\\/login\\\/profile\\\/\",\"url\":\"https:\\\/\\\/kanaltechnik-schuster.de\\\/en\\\/login\\\/profile\\\/\",\"name\":\"Profil - Kanaltechnik Schuster\",\"isPartOf\":{\"@id\":\"https:\\\/\\\/kanaltechnik-schuster.de\\\/#website\"},\"datePublished\":\"2025-04-24T06:24:17+00:00\",\"dateModified\":\"2025-04-24T14:26:38+00:00\",\"breadcrumb\":{\"@id\":\"https:\\\/\\\/kanaltechnik-schuster.de\\\/en\\\/login\\\/profile\\\/#breadcrumb\"},\"inLanguage\":\"en-US\",\"potentialAction\":[{\"@type\":\"ReadAction\",\"target\":[\"https:\\\/\\\/kanaltechnik-schuster.de\\\/en\\\/login\\\/profile\\\/\"]}]},{\"@type\":\"BreadcrumbList\",\"@id\":\"https:\\\/\\\/kanaltechnik-schuster.de\\\/en\\\/login\\\/profile\\\/#breadcrumb\",\"itemListElement\":[{\"@type\":\"ListItem\",\"position\":1,\"name\":\"Startseite\",\"item\":\"https:\\\/\\\/kanaltechnik-schuster.de\\\/\"},{\"@type\":\"ListItem\",\"position\":2,\"name\":\"Login\",\"item\":\"https:\\\/\\\/kanaltechnik-schuster.de\\\/login\\\/\"},{\"@type\":\"ListItem\",\"position\":3,\"name\":\"Profil\"}]},{\"@type\":\"WebSite\",\"@id\":\"https:\\\/\\\/kanaltechnik-schuster.de\\\/en\\\/#website\",\"url\":\"https:\\\/\\\/kanaltechnik-schuster.de\\\/en\\\/\",\"name\":\"Kanaltechnik Schuster\",\"description\":\"\",\"potentialAction\":[{\"@type\":\"SearchAction\",\"target\":{\"@type\":\"EntryPoint\",\"urlTemplate\":\"https:\\\/\\\/kanaltechnik-schuster.de\\\/en\\\/?s={search_term_string}\"},\"query-input\":{\"@type\":\"PropertyValueSpecification\",\"valueRequired\":true,\"valueName\":\"search_term_string\"}}],\"inLanguage\":\"en-US\"}]}<\/script>\n<!-- \/ Yoast SEO Premium plugin. -->","yoast_head_json":{"title":"Profil","description":"Meine Daten \u00e4ndern Hier k\u00f6nnen Sie Ihre pers\u00f6nlichen Angaben ganz einfach anpassen. Falls es dabei zu Problemen kommt, melden Sie sich bitte bei uns \u2013 wir helfen Ihnen gerne weiter. [swpm_profile_form]","robots":{"index":"index","follow":"follow","max-snippet":"max-snippet:-1","max-image-preview":"max-image-preview:large","max-video-preview":"max-video-preview:-1"},"canonical":"Meine Daten \u00e4ndern Hier k\u00f6nnen Sie Ihre pers\u00f6nlichen Angaben ganz einfach anpassen. Falls es dabei zu Problemen kommt, melden Sie sich bitte bei uns \u2013 wir helfen Ihnen gerne weiter. [swpm_profile_form]","og_locale":"en_US","og_type":"article","og_title":"Profil","og_description":"Meine Daten \u00e4ndern Hier k\u00f6nnen Sie Ihre pers\u00f6nlichen Angaben ganz einfach anpassen. Falls es dabei zu Problemen kommt, melden Sie sich bitte bei uns \u2013 wir helfen Ihnen gerne weiter. [swpm_profile_form]","og_url":"https:\/\/kanaltechnik-schuster.de\/en\/login\/profile\/","og_site_name":"Kanaltechnik Schuster","article_modified_time":"2025-04-24T14:26:38+00:00","twitter_card":"summary_large_image","twitter_misc":{"Est. reading time":"1 minute"},"schema":{"@context":"https:\/\/schema.org","@graph":[{"@type":"WebPage","@id":"https:\/\/kanaltechnik-schuster.de\/en\/login\/profile\/","url":"https:\/\/kanaltechnik-schuster.de\/en\/login\/profile\/","name":"Profil - Kanaltechnik Schuster","isPartOf":{"@id":"https:\/\/kanaltechnik-schuster.de\/#website"},"datePublished":"2025-04-24T06:24:17+00:00","dateModified":"2025-04-24T14:26:38+00:00","breadcrumb":{"@id":"https:\/\/kanaltechnik-schuster.de\/en\/login\/profile\/#breadcrumb"},"inLanguage":"en-US","potentialAction":[{"@type":"ReadAction","target":["https:\/\/kanaltechnik-schuster.de\/en\/login\/profile\/"]}]},{"@type":"BreadcrumbList","@id":"https:\/\/kanaltechnik-schuster.de\/en\/login\/profile\/#breadcrumb","itemListElement":[{"@type":"ListItem","position":1,"name":"Startseite","item":"https:\/\/kanaltechnik-schuster.de\/"},{"@type":"ListItem","position":2,"name":"Login","item":"https:\/\/kanaltechnik-schuster.de\/login\/"},{"@type":"ListItem","position":3,"name":"Profil"}]},{"@type":"WebSite","@id":"https:\/\/kanaltechnik-schuster.de\/en\/#website","url":"https:\/\/kanaltechnik-schuster.de\/en\/","name":"Kanaltechnik Schuster","description":"","potentialAction":[{"@type":"SearchAction","target":{"@type":"EntryPoint","urlTemplate":"https:\/\/kanaltechnik-schuster.de\/en\/?s={search_term_string}"},"query-input":{"@type":"PropertyValueSpecification","valueRequired":true,"valueName":"search_term_string"}}],"inLanguage":"en-US"}]}},"_links":{"self":[{"href":"https:\/\/kanaltechnik-schuster.de\/en\/wp-json\/wp\/v2\/pages\/546","targetHints":{"allow":["GET"]}}],"collection":[{"href":"https:\/\/kanaltechnik-schuster.de\/en\/wp-json\/wp\/v2\/pages"}],"about":[{"href":"https:\/\/kanaltechnik-schuster.de\/en\/wp-json\/wp\/v2\/types\/page"}],"author":[{"embeddable":true,"href":"https:\/\/kanaltechnik-schuster.de\/en\/wp-json\/wp\/v2\/users\/1"}],"replies":[{"embeddable":true,"href":"https:\/\/kanaltechnik-schuster.de\/en\/wp-json\/wp\/v2\/comments?post=546"}],"version-history":[{"count":11,"href":"https:\/\/kanaltechnik-schuster.de\/en\/wp-json\/wp\/v2\/pages\/546\/revisions"}],"predecessor-version":[{"id":702,"href":"https:\/\/kanaltechnik-schuster.de\/en\/wp-json\/wp\/v2\/pages\/546\/revisions\/702"}],"up":[{"embeddable":true,"href":"https:\/\/kanaltechnik-schuster.de\/en\/wp-json\/wp\/v2\/pages\/545"}],"wp:attachment":[{"href":"https:\/\/kanaltechnik-schuster.de\/en\/wp-json\/wp\/v2\/media?parent=546"}],"curies":[{"name":"wp","href":"https:\/\/api.w.org\/{rel}","templated":true}]}}