{"id":505,"date":"2024-06-04T10:34:49","date_gmt":"2024-06-04T08:34:49","guid":{"rendered":"https:\/\/beta.kanaltechnik-schuster.de\/?page_id=505"},"modified":"2025-10-13T15:29:26","modified_gmt":"2025-10-13T13:29:26","slug":"karriere","status":"publish","type":"page","link":"https:\/\/kanaltechnik-schuster.de\/en\/karriere\/","title":{"rendered":"Karriere"},"content":{"rendered":"<h1>Offene Stellen<\/h1>\n<div>Eine gute Infrastruktur ist die Basis fu\u0308r Lebensqualit\u00e4t. Gemeinsam mit Ihnen m\u00f6chten wir daran arbeiten. Mit schonenden Methoden, die Werte erhalten und so die Nachhaltigkeit f\u00f6rdern \u2013 \u00f6konomisch wie \u00f6kologisch.<br \/>\nHierfu\u0308r suchen wir Sie!<\/div>\n<div>\n<p>        <img decoding=\"async\" src=\"\/wp-content\/uploads\/schuster.jpg\" alt=\"\"><\/p>\n<div>Ihre Ansprechpartnerin<\/div>\n<div>\n<p>Kanaltechnik Schuster GbR<br \/>Frau Jasmine Schuster<br \/>Luchert 19 \u2013 56593 Horhausen<\/p>\n<\/div>\n<p><a href=\"mailto:j.schuster@kanaltechnik-schuster.de\">E-Mail senden<\/a><\/p>\n<\/div>\n<ul>\n<li>\n<h3>Fachkraft in der Kanalsanierung <\/h3>\n<p>(m\/w\/x)<\/p>\n<div>\n<p>mit Schwerpunkt auf UV-Lining \/ manuelle Reparatur \u2013 Vollzeit Auch Quereinsteiger gew\u00fcnscht!<\/p>\n<\/div>\n<p><a href=\"\/wp-content\/uploads\/Stellenausschreibung_Fachkraft.pdf\">Stellenausschreibung<\/a><\/p>\n<\/li>\n<li>\n<h3>Bauhelfer in der Kanalsanierung <\/h3>\n<p>(m\/w\/x)<\/p>\n<div>\n<p>mit Schwerpunkt auf UV-Lining \/ manuelle Reparatur \u2013 Vollzeit<\/p>\n<\/div>\n<p><a href=\"\/wp-content\/uploads\/Stellenausschreibung_Bauhelfer.pdf\">Stellenausschreibung<\/a><\/p>\n<\/li>\n<\/ul>\n<p><!--more--><br \/>\n<!-- {\"type\":\"layout\",\"children\":[{\"type\":\"section\",\"props\":{\"animation\":\"slide-bottom-medium\",\"animation_delay\":\"50\",\"divider_color\":\"#fff\",\"divider_height\":\"150\",\"divider_position\":\"top\",\"divider_width\":\"100\",\"image_position\":\"center-center\",\"style\":\"muted\",\"title_breakpoint\":\"xl\",\"title_position\":\"top-left\",\"title_rotation\":\"left\",\"vertical_align\":\"\",\"width\":\"small\"},\"children\":[{\"type\":\"row\",\"children\":[{\"type\":\"column\",\"props\":{\"image_position\":\"center-center\",\"position_sticky_breakpoint\":\"m\",\"vertical_align\":\"middle\",\"width_medium\":\"1-2\"},\"children\":[{\"type\":\"headline\",\"props\":{\"content\":\"Offene Stellen\",\"content_en_us\":\"Current Job Offers\",\"text_align\":\"left\",\"title_element\":\"h1\"}},{\"type\":\"headline\",\"props\":{\"content\":\"Eine gute Infrastruktur ist die Basis fu\\u0308r Lebensqualit\\u00e4t. Gemeinsam mit Ihnen m\\u00f6chten wir daran arbeiten. Mit schonenden Methoden, die Werte erhalten und so die Nachhaltigkeit f\\u00f6rdern \\u2013 \\u00f6konomisch wie \\u00f6kologisch.\\nHierfu\\u0308r suchen wir Sie!\",\"content_en_us\":\"A strong infrastructure is the foundation of quality of life. Together with you, we want to help build and preserve it \\u2013 using gentle methods that protect existing assets and promote sustainability, both economically and ecologically. That\\u2019s why we\\u2019re looking for you!\",\"text_align\":\"left\",\"title_element\":\"div\",\"title_style\":\"text-large\"}}]},{\"type\":\"column\",\"props\":{\"image_position\":\"center-center\",\"position_sticky_breakpoint\":\"m\",\"width_medium\":\"1-2\"},\"children\":[{\"type\":\"panel\",\"props\":{\"content\":\"\n\n<p>Kanaltechnik Schuster GbR<br \\\/>Frau Jasmine Schuster<br \\\/>Luchert 19 \\u2013 56593 Horhausen<\\\/p>\",\"content_column_breakpoint\":\"m\",\"content_en_us\":\"\n\n<p>Kanaltechnik Schuster GbR<br \\\/>Ms. Jasmine Schuster<br \\\/>Luchert 19 \\u2013 56593 Horhausen<\\\/p>\",\"icon_width\":80,\"image\":\"wp-content\\\/uploads\\\/schuster.jpg\",\"image_align\":\"left\",\"image_border\":\"rounded\",\"image_box_shadow\":\"xlarge\",\"image_grid_breakpoint\":\"m\",\"image_grid_width\":\"auto\",\"image_height\":300,\"image_svg_color\":\"emphasis\",\"image_vertical_align\":true,\"link\":\"mailto:j.schuster@kanaltechnik-schuster.de\",\"link_style\":\"default\",\"link_text\":\"E-Mail senden\",\"link_text_en_us\":\"Send Mail\",\"margin\":\"medium\",\"meta_align\":\"below-title\",\"meta_element\":\"div\",\"meta_style\":\"text-meta\",\"title\":\"Ihre Ansprechpartnerin\",\"title_align\":\"top\",\"title_element\":\"div\",\"title_en_us\":\"Your Contact Person\",\"title_grid_breakpoint\":\"m\",\"title_grid_width\":\"1-2\",\"title_hover_style\":\"reset\",\"title_style\":\"h3\"}}]}],\"props\":{\"layout\":\"1-2,1-2\"}}]},{\"type\":\"section\",\"props\":{\"animation\":\"slide-bottom-medium\",\"animation_delay\":\"50\",\"height\":\"page\",\"image_position\":\"center-center\",\"style\":\"default\",\"title_breakpoint\":\"xl\",\"title_position\":\"top-left\",\"title_rotation\":\"left\",\"vertical_align\":\"\",\"width\":\"default\"},\"children\":[{\"type\":\"row\",\"children\":[{\"type\":\"column\",\"props\":{\"image_position\":\"center-center\",\"position_sticky_breakpoint\":\"m\"},\"children\":[{\"type\":\"grid\",\"props\":{\"content_column_breakpoint\":\"m\",\"filter_align\":\"left\",\"filter_all\":true,\"filter_grid_breakpoint\":\"m\",\"filter_grid_width\":\"auto\",\"filter_position\":\"top\",\"filter_style\":\"tab\",\"grid_default\":\"1\",\"grid_medium\":\"2\",\"icon_width\":80,\"image_align\":\"top\",\"image_grid_breakpoint\":\"m\",\"image_grid_width\":\"1-2\",\"image_svg_color\":\"emphasis\",\"item_animation\":true,\"lightbox_bg_close\":true,\"link_style\":\"default\",\"link_text\":\"Read more\",\"margin\":\"default\",\"meta_align\":\"below-title\",\"meta_color\":\"emphasis\",\"meta_element\":\"div\",\"meta_margin\":\"remove\",\"meta_style\":\"h5\",\"panel_padding\":\"default\",\"panel_style\":\"card-default\",\"show_content\":true,\"show_hover_image\":true,\"show_hover_video\":true,\"show_image\":true,\"show_link\":true,\"show_meta\":true,\"show_title\":true,\"show_video\":true,\"title_align\":\"top\",\"title_element\":\"h3\",\"title_grid_breakpoint\":\"m\",\"title_grid_width\":\"1-2\",\"title_hover_style\":\"reset\"},\"children\":[{\"type\":\"grid_item\",\"props\":{\"content\":\"\n\n<p>mit Schwerpunkt auf UV-Lining \\\/ manuelle Reparatur \\u2013 Vollzeit Auch Quereinsteiger gew\\u00fcnscht!<\\\/p>\",\"content_en_us\":\"Specializing in UV Lining & Manual Repairs \\u2013 Full-time\\nNo experience in the field? No problem \\u2013 we welcome career changers!\",\"link\":\"wp-content\\\/uploads\\\/Stellenausschreibung_Fachkraft.pdf\",\"link_text\":\"Stellenausschreibung\",\"link_text_en_us\":\"Job Posting (PDF)\",\"meta\":\"(m\\\/w\\\/x)\",\"title\":\"Fachkraft in der Kanalsanierung \",\"title_en_us\":\"Sewer Rehabilitation Specialist \"}},{\"type\":\"grid_item\",\"props\":{\"content\":\"\n\n<p>mit Schwerpunkt auf UV-Lining \\\/ manuelle Reparatur \\u2013 Vollzeit<\\\/p>\",\"content_en_us\":\"Specializing in UV Lining & Manual Repairs \\u2013 Full-time\",\"link\":\"wp-content\\\/uploads\\\/Stellenausschreibung_Bauhelfer.pdf\",\"link_text\":\"Stellenausschreibung\",\"link_text_en_us\":\"Job Posting (PDF)\",\"meta\":\"(m\\\/w\\\/x)\",\"title\":\"Bauhelfer in der Kanalsanierung \",\"title_en_us\":\"Construction Assistant in Sewer Rehabilitation\"}}]}]}]}]}],\"version\":\"4.5.28\",\"yooessentialsVersion\":\"2.4.7\"} --><\/p>\n","protected":false},"excerpt":{"rendered":"<p>Offene Stellen Eine gute Infrastruktur ist die Basis fu\u0308r Lebensqualit\u00e4t. Gemeinsam mit Ihnen m\u00f6chten wir daran arbeiten. Mit schonenden Methoden, die Werte erhalten und so die Nachhaltigkeit f\u00f6rdern \u2013 \u00f6konomisch wie \u00f6kologisch. Hierfu\u0308r suchen wir Sie! Ihre Ansprechpartnerin Kanaltechnik Schuster GbRFrau Jasmine SchusterLuchert 19 \u2013 56593 Horhausen E-Mail senden Fachkraft in der Kanalsanierung (m\/w\/x) mit [&hellip;]<\/p>\n","protected":false},"author":1,"featured_media":0,"parent":0,"menu_order":0,"comment_status":"closed","ping_status":"closed","template":"","meta":{"_acf_changed":false,"footnotes":""},"class_list":["post-505","page","type-page","status-publish","hentry"],"acf":[],"yoast_head":"<!-- This site is optimized with the Yoast SEO Premium plugin v27.3 (Yoast SEO v27.3) - https:\/\/yoast.com\/product\/yoast-seo-premium-wordpress\/ -->\n<title>Karriere<\/title>\n<meta name=\"description\" content=\"Offene Stellen Eine gute Infrastruktur ist die Basis fu\u0308r Lebensqualit\u00e4t. Gemeinsam mit Ihnen m\u00f6chten wir daran arbeiten. Mit schonenden Methoden, die Werte erhalten und so die Nachhaltigkeit f\u00f6rdern \u2013 \u00f6konomisch wie \u00f6kologisch. Hierfu\u0308r suchen wir Sie! Ihre Ansprechpartnerin Kanaltechnik Schuster GbRFrau Jasmine SchusterLuchert 19 \u2013 56593 Horhausen E-Mail senden Fachkraft in der Kanalsanierung (m\/w\/x) mit&hellip;\" \/>\n<meta name=\"robots\" content=\"index, follow, max-snippet:-1, max-image-preview:large, max-video-preview:-1\" \/>\n<link rel=\"canonical\" href=\"http:\/\/Offene%20Stellen%20Eine%20gute%20Infrastruktur%20ist%20die%20Basis%20fu\u0308r%20Lebensqualit\u00e4t.%20Gemeinsam%20mit%20Ihnen%20m\u00f6chten%20wir%20daran%20arbeiten.%20Mit%20schonenden%20Methoden,%20die%20Werte%20erhalten%20und%20so%20die%20Nachhaltigkeit%20f\u00f6rdern%20\u2013%20\u00f6konomisch%20wie%20\u00f6kologisch.%20Hierfu\u0308r%20suchen%20wir%20Sie!%20Ihre%20Ansprechpartnerin%20Kanaltechnik%20Schuster%20GbRFrau%20Jasmine%20SchusterLuchert%2019%20\u2013%2056593%20Horhausen%20E-Mail%20senden%20Fachkraft%20in%20der%20Kanalsanierung%20(m\/w\/x)%20mit&hellip;\" \/>\n<meta property=\"og:locale\" content=\"en_US\" \/>\n<meta property=\"og:type\" content=\"article\" \/>\n<meta property=\"og:title\" content=\"Karriere\" \/>\n<meta property=\"og:description\" content=\"Offene Stellen Eine gute Infrastruktur ist die Basis fu\u0308r Lebensqualit\u00e4t. Gemeinsam mit Ihnen m\u00f6chten wir daran arbeiten. Mit schonenden Methoden, die Werte erhalten und so die Nachhaltigkeit f\u00f6rdern \u2013 \u00f6konomisch wie \u00f6kologisch. Hierfu\u0308r suchen wir Sie! Ihre Ansprechpartnerin Kanaltechnik Schuster GbRFrau Jasmine SchusterLuchert 19 \u2013 56593 Horhausen E-Mail senden Fachkraft in der Kanalsanierung (m\/w\/x) mit&hellip;\" \/>\n<meta property=\"og:url\" content=\"https:\/\/kanaltechnik-schuster.de\/en\/karriere\/\" \/>\n<meta property=\"og:site_name\" content=\"Kanaltechnik Schuster\" \/>\n<meta property=\"article:modified_time\" content=\"2025-10-13T13:29:26+00:00\" \/>\n<meta name=\"twitter:card\" content=\"summary_large_image\" \/>\n<meta name=\"twitter:label1\" content=\"Est. reading time\" \/>\n\t<meta name=\"twitter:data1\" content=\"1 minute\" \/>\n<script type=\"application\/ld+json\" class=\"yoast-schema-graph\">{\"@context\":\"https:\\\/\\\/schema.org\",\"@graph\":[{\"@type\":\"WebPage\",\"@id\":\"https:\\\/\\\/kanaltechnik-schuster.de\\\/en\\\/karriere\\\/\",\"url\":\"https:\\\/\\\/kanaltechnik-schuster.de\\\/en\\\/karriere\\\/\",\"name\":\"Karriere - Kanaltechnik Schuster\",\"isPartOf\":{\"@id\":\"https:\\\/\\\/kanaltechnik-schuster.de\\\/#website\"},\"datePublished\":\"2024-06-04T08:34:49+00:00\",\"dateModified\":\"2025-10-13T13:29:26+00:00\",\"breadcrumb\":{\"@id\":\"https:\\\/\\\/kanaltechnik-schuster.de\\\/en\\\/karriere\\\/#breadcrumb\"},\"inLanguage\":\"en-US\",\"potentialAction\":[{\"@type\":\"ReadAction\",\"target\":[\"https:\\\/\\\/kanaltechnik-schuster.de\\\/en\\\/karriere\\\/\"]}]},{\"@type\":\"BreadcrumbList\",\"@id\":\"https:\\\/\\\/kanaltechnik-schuster.de\\\/en\\\/karriere\\\/#breadcrumb\",\"itemListElement\":[{\"@type\":\"ListItem\",\"position\":1,\"name\":\"Startseite\",\"item\":\"https:\\\/\\\/kanaltechnik-schuster.de\\\/\"},{\"@type\":\"ListItem\",\"position\":2,\"name\":\"Karriere\"}]},{\"@type\":\"WebSite\",\"@id\":\"https:\\\/\\\/kanaltechnik-schuster.de\\\/en\\\/#website\",\"url\":\"https:\\\/\\\/kanaltechnik-schuster.de\\\/en\\\/\",\"name\":\"Kanaltechnik Schuster\",\"description\":\"\",\"potentialAction\":[{\"@type\":\"SearchAction\",\"target\":{\"@type\":\"EntryPoint\",\"urlTemplate\":\"https:\\\/\\\/kanaltechnik-schuster.de\\\/en\\\/?s={search_term_string}\"},\"query-input\":{\"@type\":\"PropertyValueSpecification\",\"valueRequired\":true,\"valueName\":\"search_term_string\"}}],\"inLanguage\":\"en-US\"}]}<\/script>\n<!-- \/ Yoast SEO Premium plugin. -->","yoast_head_json":{"title":"Karriere","description":"Offene Stellen Eine gute Infrastruktur ist die Basis fu\u0308r Lebensqualit\u00e4t. Gemeinsam mit Ihnen m\u00f6chten wir daran arbeiten. Mit schonenden Methoden, die Werte erhalten und so die Nachhaltigkeit f\u00f6rdern \u2013 \u00f6konomisch wie \u00f6kologisch. Hierfu\u0308r suchen wir Sie! Ihre Ansprechpartnerin Kanaltechnik Schuster GbRFrau Jasmine SchusterLuchert 19 \u2013 56593 Horhausen E-Mail senden Fachkraft in der Kanalsanierung (m\/w\/x) mit&hellip;","robots":{"index":"index","follow":"follow","max-snippet":"max-snippet:-1","max-image-preview":"max-image-preview:large","max-video-preview":"max-video-preview:-1"},"canonical":"Offene Stellen Eine gute Infrastruktur ist die Basis fu\u0308r Lebensqualit\u00e4t. Gemeinsam mit Ihnen m\u00f6chten wir daran arbeiten. Mit schonenden Methoden, die Werte erhalten und so die Nachhaltigkeit f\u00f6rdern \u2013 \u00f6konomisch wie \u00f6kologisch. Hierfu\u0308r suchen wir Sie! Ihre Ansprechpartnerin Kanaltechnik Schuster GbRFrau Jasmine SchusterLuchert 19 \u2013 56593 Horhausen E-Mail senden Fachkraft in der Kanalsanierung (m\/w\/x) mit&hellip;","og_locale":"en_US","og_type":"article","og_title":"Karriere","og_description":"Offene Stellen Eine gute Infrastruktur ist die Basis fu\u0308r Lebensqualit\u00e4t. Gemeinsam mit Ihnen m\u00f6chten wir daran arbeiten. Mit schonenden Methoden, die Werte erhalten und so die Nachhaltigkeit f\u00f6rdern \u2013 \u00f6konomisch wie \u00f6kologisch. Hierfu\u0308r suchen wir Sie! Ihre Ansprechpartnerin Kanaltechnik Schuster GbRFrau Jasmine SchusterLuchert 19 \u2013 56593 Horhausen E-Mail senden Fachkraft in der Kanalsanierung (m\/w\/x) mit&hellip;","og_url":"https:\/\/kanaltechnik-schuster.de\/en\/karriere\/","og_site_name":"Kanaltechnik Schuster","article_modified_time":"2025-10-13T13:29:26+00:00","twitter_card":"summary_large_image","twitter_misc":{"Est. reading time":"1 minute"},"schema":{"@context":"https:\/\/schema.org","@graph":[{"@type":"WebPage","@id":"https:\/\/kanaltechnik-schuster.de\/en\/karriere\/","url":"https:\/\/kanaltechnik-schuster.de\/en\/karriere\/","name":"Karriere - Kanaltechnik Schuster","isPartOf":{"@id":"https:\/\/kanaltechnik-schuster.de\/#website"},"datePublished":"2024-06-04T08:34:49+00:00","dateModified":"2025-10-13T13:29:26+00:00","breadcrumb":{"@id":"https:\/\/kanaltechnik-schuster.de\/en\/karriere\/#breadcrumb"},"inLanguage":"en-US","potentialAction":[{"@type":"ReadAction","target":["https:\/\/kanaltechnik-schuster.de\/en\/karriere\/"]}]},{"@type":"BreadcrumbList","@id":"https:\/\/kanaltechnik-schuster.de\/en\/karriere\/#breadcrumb","itemListElement":[{"@type":"ListItem","position":1,"name":"Startseite","item":"https:\/\/kanaltechnik-schuster.de\/"},{"@type":"ListItem","position":2,"name":"Karriere"}]},{"@type":"WebSite","@id":"https:\/\/kanaltechnik-schuster.de\/en\/#website","url":"https:\/\/kanaltechnik-schuster.de\/en\/","name":"Kanaltechnik Schuster","description":"","potentialAction":[{"@type":"SearchAction","target":{"@type":"EntryPoint","urlTemplate":"https:\/\/kanaltechnik-schuster.de\/en\/?s={search_term_string}"},"query-input":{"@type":"PropertyValueSpecification","valueRequired":true,"valueName":"search_term_string"}}],"inLanguage":"en-US"}]}},"_links":{"self":[{"href":"https:\/\/kanaltechnik-schuster.de\/en\/wp-json\/wp\/v2\/pages\/505","targetHints":{"allow":["GET"]}}],"collection":[{"href":"https:\/\/kanaltechnik-schuster.de\/en\/wp-json\/wp\/v2\/pages"}],"about":[{"href":"https:\/\/kanaltechnik-schuster.de\/en\/wp-json\/wp\/v2\/types\/page"}],"author":[{"embeddable":true,"href":"https:\/\/kanaltechnik-schuster.de\/en\/wp-json\/wp\/v2\/users\/1"}],"replies":[{"embeddable":true,"href":"https:\/\/kanaltechnik-schuster.de\/en\/wp-json\/wp\/v2\/comments?post=505"}],"version-history":[{"count":30,"href":"https:\/\/kanaltechnik-schuster.de\/en\/wp-json\/wp\/v2\/pages\/505\/revisions"}],"predecessor-version":[{"id":1129,"href":"https:\/\/kanaltechnik-schuster.de\/en\/wp-json\/wp\/v2\/pages\/505\/revisions\/1129"}],"wp:attachment":[{"href":"https:\/\/kanaltechnik-schuster.de\/en\/wp-json\/wp\/v2\/media?parent=505"}],"curies":[{"name":"wp","href":"https:\/\/api.w.org\/{rel}","templated":true}]}}